{"id":441,"date":"2017-12-14T11:56:30","date_gmt":"2017-12-14T11:56:30","guid":{"rendered":"http:\/\/www.jahorina-apartments.com\/?page_id=441\/"},"modified":"2017-12-25T18:24:21","modified_gmt":"2017-12-25T18:24:21","slug":"jahorina-olimpijska-lepotica","status":"publish","type":"page","link":"https:\/\/www.jahorina-apartments.com\/sl\/jahorina-olimpijska-lepotica\/","title":{"rendered":"Jahorina olimpijska lepotica"},"content":{"rendered":"<p>Idealni klimatski in geografski pogoji so razlog, da je Jahorina leta <strong>1984<\/strong> gostila najbolj\u0161e zimske \u0161portnike sveta in uspe\u0161no sodelovala pri organizaciji <strong>ZOI<\/strong>, zavoljo \u010desar si je zaslu\u017eila vzdevek &#8220;<strong>Olimpijske lepotice<\/strong>&#8220;. Danes je Jahorina atraktivna turisti\u010dna destinacija, raj za vse ljubitelje zime in njenih \u010darovnij ter kraj za vrhunske in kakovostne po\u010ditnice. Veliko ljubiteljev smu\u010danja, deskanja na snegu in&nbsp; adrenalinskih \u0161portov vsako leto prehodi to \u010dudovito planino in u\u017eiva v njenih \u010darih v \u010dasu zimske sezone, ki lahko traja tudi ve\u010d kot 5 mesecev. Ve\u010d kot <strong>20 km<\/strong> odli\u010dno urejenih alpskih smu\u010di\u0161\u010d in veliko \u0161tevilo razli\u010dnih modernih objektov so Jahorino postavili na sam vrh regionalnih smu\u010di\u0161\u010d. Za ljubitelje nordijskega smu\u010danja pa je pripravljenih<strong> 10 km<\/strong> nordijskih stez. Njen najvi\u0161ji vrh je Ogorijelica s <strong>1916 m<\/strong> nadmorske vi\u0161ine. Za vertikalni transport smu\u010darjev so na razpolago tri \u0161est-sede\u017enice, dve dvo-sede\u017enici in \u0161tirje ski lifti, z maksimalno kapaciteto <strong>13000<\/strong> smu\u010darjev\/uro. \u010ce vam smu\u010danje ni najbolj pri srcu, si privo\u0161\u010dite spro\u0161\u010dujo\u010di sprehod ali u\u017eivajte v \u010dudovitem razgledu, medtem ko vam topli \u010daj ali vro\u010da \u010dokolada krepita du\u0161o.<\/p>\n<p>Jahorina se lahko pohvali tudi z odli\u010dnim geografskim polo\u017eajem in neposredno bli\u017eino glavnega mesta <strong>Sarajeva<\/strong>. V bli\u017eini so tudi vsa ve\u010dja mesta v regiji, saj lahko v samo<strong> 5 do 7<\/strong> urah vo\u017enje do Jahorine pridete iz Ljubljane, Zagreba, Beograda, Podgorice, Splita itd. Nikoli vam ne bo \u017eal, da ste jo obiskali, kajti Jahorina, pozimi in poleti ponuja \u010dist, zdrav in oster gorski zrak ter \u010dudovito naravo, ki zgleda kot najlep\u0161e umetni\u0161ke mojstrovine. Ni besed, ki bi opisale lepoto in du\u0161o Jahorine, pregovor pa pravi, da je ta olimpijska lepotica mesto &#8220;kjer se zemlja dotakne neba&#8221;.<\/p>\n<p>Bodite del \u010darobne zimske pravljice, ki traja \u017ee vrsto let in o kateri vsi govorijo z \u017earom v o\u010deh. Ustvarite najlep\u0161e spomine na Jahorini in si zagotovite nepozabno do\u017eivetje udobja.<\/p>\n<p>&nbsp;<\/p>\n<p style=\"text-align: center;\"><!-- default-view.php -->\n<div\n\tclass=\"ngg-galleryoverview default-view  ngg-ajax-pagination-none\"\n\tid=\"ngg-gallery-78c7fc0b8b645e79470434822d96cd2e-1\">\n\n\t\t<!-- Thumbnails -->\n\t\t\t\t<div id=\"ngg-image-0\" class=\"ngg-gallery-thumbnail-box \" >\n\t\t\t\t        <div class=\"ngg-gallery-thumbnail\">\n            <a href=\"https:\/\/www.jahorina-apartments.com\/wp-content\/gallery\/jahorina\/Jahorina1.JPG\"\n               title=\"\"\n               data-src=\"https:\/\/www.jahorina-apartments.com\/wp-content\/gallery\/jahorina\/Jahorina1.JPG\"\n               data-thumbnail=\"https:\/\/www.jahorina-apartments.com\/wp-content\/gallery\/jahorina\/thumbs\/thumbs_Jahorina1.JPG\"\n               data-image-id=\"1\"\n               data-title=\"Jahorina1\"\n               data-description=\"\"\n               data-image-slug=\"jahorina1\"\n               class=\"ngg-fancybox\" rel=\"78c7fc0b8b645e79470434822d96cd2e\">\n                <img\n                    title=\"Jahorina1\"\n                    alt=\"Jahorina1\"\n                    src=\"https:\/\/www.jahorina-apartments.com\/wp-content\/gallery\/jahorina\/thumbs\/thumbs_Jahorina1.JPG\"\n                    width=\"240\"\n                    height=\"160\"\n                    style=\"max-width:100%;\"\n                \/>\n            <\/a>\n        <\/div>\n\t\t\t\t\t\t\t<\/div> \n\t\t\t\n\t\t\t\t<div id=\"ngg-image-1\" class=\"ngg-gallery-thumbnail-box \" >\n\t\t\t\t        <div class=\"ngg-gallery-thumbnail\">\n            <a href=\"https:\/\/www.jahorina-apartments.com\/wp-content\/gallery\/jahorina\/Jahorina2.JPG\"\n               title=\"\"\n               data-src=\"https:\/\/www.jahorina-apartments.com\/wp-content\/gallery\/jahorina\/Jahorina2.JPG\"\n               data-thumbnail=\"https:\/\/www.jahorina-apartments.com\/wp-content\/gallery\/jahorina\/thumbs\/thumbs_Jahorina2.JPG\"\n               data-image-id=\"2\"\n               data-title=\"Jahorina2\"\n               data-description=\"\"\n               data-image-slug=\"jahorina2\"\n               class=\"ngg-fancybox\" rel=\"78c7fc0b8b645e79470434822d96cd2e\">\n                <img\n                    title=\"Jahorina2\"\n                    alt=\"Jahorina2\"\n                    src=\"https:\/\/www.jahorina-apartments.com\/wp-content\/gallery\/jahorina\/thumbs\/thumbs_Jahorina2.JPG\"\n                    width=\"240\"\n                    height=\"160\"\n                    style=\"max-width:100%;\"\n                \/>\n            <\/a>\n        <\/div>\n\t\t\t\t\t\t\t<\/div> \n\t\t\t\n\t\t\t\t<div id=\"ngg-image-2\" class=\"ngg-gallery-thumbnail-box \" >\n\t\t\t\t        <div class=\"ngg-gallery-thumbnail\">\n            <a href=\"https:\/\/www.jahorina-apartments.com\/wp-content\/gallery\/jahorina\/Jahorina3.JPG\"\n               title=\"\"\n               data-src=\"https:\/\/www.jahorina-apartments.com\/wp-content\/gallery\/jahorina\/Jahorina3.JPG\"\n               data-thumbnail=\"https:\/\/www.jahorina-apartments.com\/wp-content\/gallery\/jahorina\/thumbs\/thumbs_Jahorina3.JPG\"\n               data-image-id=\"3\"\n               data-title=\"Jahorina3\"\n               data-description=\"\"\n               data-image-slug=\"jahorina3\"\n               class=\"ngg-fancybox\" rel=\"78c7fc0b8b645e79470434822d96cd2e\">\n                <img\n                    title=\"Jahorina3\"\n                    alt=\"Jahorina3\"\n                    src=\"https:\/\/www.jahorina-apartments.com\/wp-content\/gallery\/jahorina\/thumbs\/thumbs_Jahorina3.JPG\"\n                    width=\"240\"\n                    height=\"160\"\n                    style=\"max-width:100%;\"\n                \/>\n            <\/a>\n        <\/div>\n\t\t\t\t\t\t\t<\/div> \n\t\t\t\n\t\t\t\t<div id=\"ngg-image-3\" class=\"ngg-gallery-thumbnail-box \" >\n\t\t\t\t        <div class=\"ngg-gallery-thumbnail\">\n            <a href=\"https:\/\/www.jahorina-apartments.com\/wp-content\/gallery\/jahorina\/Jahorina4.JPG\"\n               title=\"\"\n               data-src=\"https:\/\/www.jahorina-apartments.com\/wp-content\/gallery\/jahorina\/Jahorina4.JPG\"\n               data-thumbnail=\"https:\/\/www.jahorina-apartments.com\/wp-content\/gallery\/jahorina\/thumbs\/thumbs_Jahorina4.JPG\"\n               data-image-id=\"4\"\n               data-title=\"Jahorina4\"\n               data-description=\"\"\n               data-image-slug=\"jahorina4\"\n               class=\"ngg-fancybox\" rel=\"78c7fc0b8b645e79470434822d96cd2e\">\n                <img\n                    title=\"Jahorina4\"\n                    alt=\"Jahorina4\"\n                    src=\"https:\/\/www.jahorina-apartments.com\/wp-content\/gallery\/jahorina\/thumbs\/thumbs_Jahorina4.JPG\"\n                    width=\"240\"\n                    height=\"160\"\n                    style=\"max-width:100%;\"\n                \/>\n            <\/a>\n        <\/div>\n\t\t\t\t\t\t\t<\/div> \n\t\t\t\n\t\t\t\t<div id=\"ngg-image-4\" class=\"ngg-gallery-thumbnail-box \" >\n\t\t\t\t        <div class=\"ngg-gallery-thumbnail\">\n            <a href=\"https:\/\/www.jahorina-apartments.com\/wp-content\/gallery\/jahorina\/Jahorina5.JPG\"\n               title=\"\"\n               data-src=\"https:\/\/www.jahorina-apartments.com\/wp-content\/gallery\/jahorina\/Jahorina5.JPG\"\n               data-thumbnail=\"https:\/\/www.jahorina-apartments.com\/wp-content\/gallery\/jahorina\/thumbs\/thumbs_Jahorina5.JPG\"\n               data-image-id=\"5\"\n               data-title=\"Jahorina5\"\n               data-description=\"\"\n               data-image-slug=\"jahorina5\"\n               class=\"ngg-fancybox\" rel=\"78c7fc0b8b645e79470434822d96cd2e\">\n                <img\n                    title=\"Jahorina5\"\n                    alt=\"Jahorina5\"\n                    src=\"https:\/\/www.jahorina-apartments.com\/wp-content\/gallery\/jahorina\/thumbs\/thumbs_Jahorina5.JPG\"\n                    width=\"240\"\n                    height=\"160\"\n                    style=\"max-width:100%;\"\n                \/>\n            <\/a>\n        <\/div>\n\t\t\t\t\t\t\t<\/div> \n\t\t\t\n\t\t\t\t<div id=\"ngg-image-5\" class=\"ngg-gallery-thumbnail-box \" >\n\t\t\t\t        <div class=\"ngg-gallery-thumbnail\">\n            <a href=\"https:\/\/www.jahorina-apartments.com\/wp-content\/gallery\/jahorina\/Jahorina6.JPG\"\n               title=\"\"\n               data-src=\"https:\/\/www.jahorina-apartments.com\/wp-content\/gallery\/jahorina\/Jahorina6.JPG\"\n               data-thumbnail=\"https:\/\/www.jahorina-apartments.com\/wp-content\/gallery\/jahorina\/thumbs\/thumbs_Jahorina6.JPG\"\n               data-image-id=\"6\"\n               data-title=\"Jahorina6\"\n               data-description=\"\"\n               data-image-slug=\"jahorina6\"\n               class=\"ngg-fancybox\" rel=\"78c7fc0b8b645e79470434822d96cd2e\">\n                <img\n                    title=\"Jahorina6\"\n                    alt=\"Jahorina6\"\n                    src=\"https:\/\/www.jahorina-apartments.com\/wp-content\/gallery\/jahorina\/thumbs\/thumbs_Jahorina6.JPG\"\n                    width=\"240\"\n                    height=\"160\"\n                    style=\"max-width:100%;\"\n                \/>\n            <\/a>\n        <\/div>\n\t\t\t\t\t\t\t<\/div> \n\t\t\t\n\t\t\t\t<div id=\"ngg-image-6\" class=\"ngg-gallery-thumbnail-box \" >\n\t\t\t\t        <div class=\"ngg-gallery-thumbnail\">\n            <a href=\"https:\/\/www.jahorina-apartments.com\/wp-content\/gallery\/jahorina\/Jahorina7.jpg\"\n               title=\"\"\n               data-src=\"https:\/\/www.jahorina-apartments.com\/wp-content\/gallery\/jahorina\/Jahorina7.jpg\"\n               data-thumbnail=\"https:\/\/www.jahorina-apartments.com\/wp-content\/gallery\/jahorina\/thumbs\/thumbs_Jahorina7.jpg\"\n               data-image-id=\"7\"\n               data-title=\"Jahorina7\"\n               data-description=\"\"\n               data-image-slug=\"jahorina7\"\n               class=\"ngg-fancybox\" rel=\"78c7fc0b8b645e79470434822d96cd2e\">\n                <img\n                    title=\"Jahorina7\"\n                    alt=\"Jahorina7\"\n                    src=\"https:\/\/www.jahorina-apartments.com\/wp-content\/gallery\/jahorina\/thumbs\/thumbs_Jahorina7.jpg\"\n                    width=\"240\"\n                    height=\"160\"\n                    style=\"max-width:100%;\"\n                \/>\n            <\/a>\n        <\/div>\n\t\t\t\t\t\t\t<\/div> \n\t\t\t\n\t\t\t\t<div id=\"ngg-image-7\" class=\"ngg-gallery-thumbnail-box \" >\n\t\t\t\t        <div class=\"ngg-gallery-thumbnail\">\n            <a href=\"https:\/\/www.jahorina-apartments.com\/wp-content\/gallery\/jahorina\/Jahorina8.jpg\"\n               title=\"\"\n               data-src=\"https:\/\/www.jahorina-apartments.com\/wp-content\/gallery\/jahorina\/Jahorina8.jpg\"\n               data-thumbnail=\"https:\/\/www.jahorina-apartments.com\/wp-content\/gallery\/jahorina\/thumbs\/thumbs_Jahorina8.jpg\"\n               data-image-id=\"8\"\n               data-title=\"Jahorina8\"\n               data-description=\"\"\n               data-image-slug=\"jahorina8\"\n               class=\"ngg-fancybox\" rel=\"78c7fc0b8b645e79470434822d96cd2e\">\n                <img\n                    title=\"Jahorina8\"\n                    alt=\"Jahorina8\"\n                    src=\"https:\/\/www.jahorina-apartments.com\/wp-content\/gallery\/jahorina\/thumbs\/thumbs_Jahorina8.jpg\"\n                    width=\"240\"\n                    height=\"160\"\n                    style=\"max-width:100%;\"\n                \/>\n            <\/a>\n        <\/div>\n\t\t\t\t\t\t\t<\/div> \n\t\t\t\n\t\n\t<br style=\"clear: both\" \/>\n\n\t\t<div class=\"slideshowlink\">\n        <a href='https:\/\/www.jahorina-apartments.com\/sl\/jahorina-olimpijska-lepotica\/nggallery\/slideshow'>[Show slideshow]<\/a>\n\t\t\n\t<\/div>\n\t\n\t\t<!-- Pagination -->\n\t<div class='ngg-clear'><\/div>\t<\/div>\n<\/p>\n","protected":false},"excerpt":{"rendered":"<p>Idealni klimatski in geografski pogoji so razlog, da je Jahorina leta 1984 gostila najbolj\u0161e zimske \u0161portnike sveta in uspe\u0161no sodelovala pri organizaciji ZOI, zavoljo \u010desar si je zaslu\u017eila vzdevek &#8220;Olimpijske lepotice&#8220;. Danes je Jahorina atraktivna turisti\u010dna destinacija, raj za vse ljubitelje zime in njenih \u010darovnij ter kraj za vrhunske in kakovostne po\u010ditnice. Veliko ljubiteljev smu\u010danja, [&hellip;]<\/p>\n","protected":false},"author":1,"featured_media":0,"parent":0,"menu_order":0,"comment_status":"closed","ping_status":"closed","template":"","meta":{"ngg_post_thumbnail":0,"footnotes":""},"aioseo_notices":[],"_links":{"self":[{"href":"https:\/\/www.jahorina-apartments.com\/sl\/wp-json\/wp\/v2\/pages\/441"}],"collection":[{"href":"https:\/\/www.jahorina-apartments.com\/sl\/wp-json\/wp\/v2\/pages"}],"about":[{"href":"https:\/\/www.jahorina-apartments.com\/sl\/wp-json\/wp\/v2\/types\/page"}],"author":[{"embeddable":true,"href":"https:\/\/www.jahorina-apartments.com\/sl\/wp-json\/wp\/v2\/users\/1"}],"replies":[{"embeddable":true,"href":"https:\/\/www.jahorina-apartments.com\/sl\/wp-json\/wp\/v2\/comments?post=441"}],"version-history":[{"count":6,"href":"https:\/\/www.jahorina-apartments.com\/sl\/wp-json\/wp\/v2\/pages\/441\/revisions"}],"predecessor-version":[{"id":592,"href":"https:\/\/www.jahorina-apartments.com\/sl\/wp-json\/wp\/v2\/pages\/441\/revisions\/592"}],"wp:attachment":[{"href":"https:\/\/www.jahorina-apartments.com\/sl\/wp-json\/wp\/v2\/media?parent=441"}],"curies":[{"name":"wp","href":"https:\/\/api.w.org\/{rel}","templated":true}]}}