{"id":448,"date":"2017-12-14T11:59:49","date_gmt":"2017-12-14T11:59:49","guid":{"rendered":"http:\/\/www.jahorina-apartments.com\/?page_id=448\/"},"modified":"2018-02-18T14:30:30","modified_gmt":"2018-02-18T14:30:30","slug":"o-nas","status":"publish","type":"page","link":"https:\/\/www.jahorina-apartments.com\/sl\/o-nas\/","title":{"rendered":"O nas"},"content":{"rendered":"<p>Apartma Radojkovi\u0107 se nahaja v dolini planine Jahorine, olimpijske lepotice, v osr\u010dju gorskega mesta Pale. Nahaja se <strong>16 km<\/strong> od glavnega mesta <strong>Sarajeva<\/strong> in <strong>13 km<\/strong> od sodobnega smu\u010darskega sredi\u0161\u010da, zaradi \u010desar je idealna kombinacija za zimske po\u010ditnice z o\u010darljivim&nbsp; in nepogre\u0161ljivim duhom Sarajeva. Apartma se nahaja v dru\u017einski hi\u0161i na odli\u010dni lokaciji v bli\u017eini centra mesta, \u0161portno-poslovnega centra &#8220;Peki&#8221;, mestne tr\u017enice in kulturnega centra. Pri\u010daral vam bo vse, kar lahko pri\u010dakujete od zimske pravljice, vklju\u010dno z moderno &nbsp;opremljenimi sobami, ve\u010derno sprostitvijo v jacuzziju, s koti\u010dkom za kajenje \u0161i\u0161e in celo s spro\u0161\u010dujo\u010do masa\u017eo. Apartma je v lasti dru\u017eine Radojkovi\u0107, vedno nasmejana lastnica Marjana pa vam bo za\u017eelela toplo dobrodo\u0161lico in postregla z doma\u010dimi dobrotami.<\/p>\n<p>Apartma Radojkovi\u0107 je idealen za 6-8 oseb in vam ponuja naslednje:<\/p>\n<p><strong>3 moderno opremljene sobe<\/strong>:<br \/>\n&#8211; Rde\u010da soba (zakonska postelja)<br \/>\n&#8211; Rumena soba (zakonska postelja)<br \/>\n&#8211; Modra soba (dve lo\u010deni postelji)<\/p>\n<p><strong>Moderno opremljeno dnevno sobo:<\/strong><br \/>\n&#8211; Velika sede\u017ena garnitura (mo\u017enost pretvorbe v posteljo)<br \/>\n&#8211; LED TV<br \/>\n&#8211; Koti\u010dek za kajenje \u0161i\u0161e<br \/>\n&#8211; Barski koti\u010dek<br \/>\n&#8211; Rekreacijski prostor z masa\u017enim stolom<\/p>\n<p><strong>Jedilnico<\/strong><\/p>\n<p><strong>Kuhinjo<\/strong> (hladilnik, \u0161tedilnik, mikrovalovna pe\u010dica, kuhalnik, toaster)<\/p>\n<p><strong>Kopalnico<\/strong> (vklju\u010dno z jacuzzijem)<\/p>\n<p>Cena namestitve je <strong>70 EUR<\/strong>\/dan za<strong> 6<\/strong> oseb ter <strong>90 EUR<\/strong>\/dan za <strong>8<\/strong> oseb. Rezervacija posameznih sob je prav tako na voljo.<\/p>\n<p>Za ve\u010d informacij nas prosim kontaktirajte na e-mail: <strong>info@jahorina-apartments.com<\/strong> ali preko telefona <strong>0038765601920<\/strong> (Viber ali WhatsApp).<\/p>\n<p>&nbsp;<\/p>\n","protected":false},"excerpt":{"rendered":"<p>Apartma Radojkovi\u0107 se nahaja v dolini planine Jahorine, olimpijske lepotice, v osr\u010dju gorskega mesta Pale. Nahaja se 16 km od glavnega mesta Sarajeva in 13 km od sodobnega smu\u010darskega sredi\u0161\u010da, zaradi \u010desar je idealna kombinacija za zimske po\u010ditnice z o\u010darljivim&nbsp; in nepogre\u0161ljivim duhom Sarajeva. Apartma se nahaja v dru\u017einski hi\u0161i na odli\u010dni lokaciji v bli\u017eini [&hellip;]<\/p>\n","protected":false},"author":1,"featured_media":0,"parent":0,"menu_order":0,"comment_status":"closed","ping_status":"closed","template":"","meta":{"ngg_post_thumbnail":0,"footnotes":""},"aioseo_notices":[],"_links":{"self":[{"href":"https:\/\/www.jahorina-apartments.com\/sl\/wp-json\/wp\/v2\/pages\/448"}],"collection":[{"href":"https:\/\/www.jahorina-apartments.com\/sl\/wp-json\/wp\/v2\/pages"}],"about":[{"href":"https:\/\/www.jahorina-apartments.com\/sl\/wp-json\/wp\/v2\/types\/page"}],"author":[{"embeddable":true,"href":"https:\/\/www.jahorina-apartments.com\/sl\/wp-json\/wp\/v2\/users\/1"}],"replies":[{"embeddable":true,"href":"https:\/\/www.jahorina-apartments.com\/sl\/wp-json\/wp\/v2\/comments?post=448"}],"version-history":[{"count":7,"href":"https:\/\/www.jahorina-apartments.com\/sl\/wp-json\/wp\/v2\/pages\/448\/revisions"}],"predecessor-version":[{"id":610,"href":"https:\/\/www.jahorina-apartments.com\/sl\/wp-json\/wp\/v2\/pages\/448\/revisions\/610"}],"wp:attachment":[{"href":"https:\/\/www.jahorina-apartments.com\/sl\/wp-json\/wp\/v2\/media?parent=448"}],"curies":[{"name":"wp","href":"https:\/\/api.w.org\/{rel}","templated":true}]}}