{"id":443,"date":"2017-12-14T11:57:36","date_gmt":"2017-12-14T11:57:36","guid":{"rendered":"http:\/\/www.jahorina-apartments.com\/?page_id=443\/"},"modified":"2017-12-15T09:57:44","modified_gmt":"2017-12-15T09:57:44","slug":"jahorina-olimpijska-ljepotica","status":"publish","type":"page","link":"https:\/\/www.jahorina-apartments.com\/sr\/jahorina-olimpijska-ljepotica\/","title":{"rendered":"Jahorina olimpijska ljepotica"},"content":{"rendered":"<p>Idealni klimatski i &nbsp;geografski uslovi doprinijeli su da Jahorina <strong>1984.<\/strong> godine ugosti najbolje zimske sportiste svijeta i uspje\u0161no organizuje <strong>ZOI<\/strong>. Tada je stekla epitet <strong>olimpijske ljepotice<\/strong>, ali i prije toga bila je miljenica svih ljubitelja zimskih sportova. Danas je Jahorina atraktivna turisti\u010dka destinacija, raj za sve zaljubljenike u zimu i njene \u010darolije, kao i mjesto dobrog i kvalitetnog odmora. Veliki broj razli\u010ditih sadr\u017eaja kao i pristupa\u010dne cijene pozicionirali su Jahorinu u sami vrh ski centara u regionu. Preko <strong>20 km<\/strong> moderno ure\u0111enih alpskih staza na raspolaganju su vrhunskim skija\u0161ima ali i po\u010detnicima, dok ljubitelji nordijskog skijanja mogu u\u017eivati u <strong>10 km<\/strong> nordijskih staza. &nbsp;Najvi\u0161i vrh je Ogorijelica sa <strong>1916 m<\/strong> nadmorske visine. Za vertikalni transport skija\u0161a se brinu tri \u0161estosjeda, dva dvosjeda i \u010detiri ski lifta, koji su maksimalnog kapaciteta <strong>13000<\/strong> skija\u0161a\/sat.<\/p>\n<p>Ako niste vje\u0161ti u snje\u017enim disciplinama, zaputite se na laganu \u0161etnju ili pak samo u\u017eivajte u prelijepom pogledu, &nbsp;dok vam topao \u010daj ili vru\u0107a \u010dokolada grije du\u0161u&#8230;<\/p>\n<p>Ono \u0161to izdvaja Jahorinu je i odli\u010dan geografski polo\u017eaj, kao i neposredna blizina glavnog grada <strong>Sarajeva<\/strong>. Svi ve\u0107i gradovi regiona su tako\u0111e nadomak ruke, jer za samo<strong> 5 do 7<\/strong> sati vo\u017enje, na Jahorinu mo\u017eete sti\u0107i iz Beograda, Zagreba, Splita, Podgorice, Ljubljane itd. Kada god je posjetite, ne\u0107ete se pokajati, jer Jahorina i ljeti nudi \u010dist, zdrav i o\u0161tar planinski vazduh i prelijepu prirodu, koja kao da je naslikana vje\u0161tim umjetni\u010dkim rukama. Ne postoje rije\u010di koje mogu opisati ljepotu i du\u0161u planine, a mnogi isti\u010du da je ova bijela ljepotica mjesto gdje zemlja doti\u010de nebo\u2026<\/p>\n<p>Budite i Vi dio \u010darobne zimske bajke koja traje godinama i o kojoj svi pri\u010daju sa \u017earom u o\u010dima. Kreirajte najljep\u0161e uspomene na Jahorini i priu\u0161tite sebi nesvakida\u0161nji do\u017eivljaj udobnosti.<\/p>\n<p>&nbsp;<\/p>\n<p style=\"text-align: center;\"><!-- default-view.php -->\n<div\n\tclass=\"ngg-galleryoverview default-view  ngg-ajax-pagination-none\"\n\tid=\"ngg-gallery-78c7fc0b8b645e79470434822d96cd2e-1\">\n\n\t\t<!-- Thumbnails -->\n\t\t\t\t<div id=\"ngg-image-0\" class=\"ngg-gallery-thumbnail-box \" >\n\t\t\t\t        <div class=\"ngg-gallery-thumbnail\">\n            <a href=\"https:\/\/www.jahorina-apartments.com\/wp-content\/gallery\/jahorina\/Jahorina1.JPG\"\n               title=\"\"\n               data-src=\"https:\/\/www.jahorina-apartments.com\/wp-content\/gallery\/jahorina\/Jahorina1.JPG\"\n               data-thumbnail=\"https:\/\/www.jahorina-apartments.com\/wp-content\/gallery\/jahorina\/thumbs\/thumbs_Jahorina1.JPG\"\n               data-image-id=\"1\"\n               data-title=\"Jahorina1\"\n               data-description=\"\"\n               data-image-slug=\"jahorina1\"\n               class=\"ngg-fancybox\" rel=\"78c7fc0b8b645e79470434822d96cd2e\">\n                <img\n                    title=\"Jahorina1\"\n                    alt=\"Jahorina1\"\n                    src=\"https:\/\/www.jahorina-apartments.com\/wp-content\/gallery\/jahorina\/thumbs\/thumbs_Jahorina1.JPG\"\n                    width=\"240\"\n                    height=\"160\"\n                    style=\"max-width:100%;\"\n                \/>\n            <\/a>\n        <\/div>\n\t\t\t\t\t\t\t<\/div> \n\t\t\t\n\t\t\t\t<div id=\"ngg-image-1\" class=\"ngg-gallery-thumbnail-box \" >\n\t\t\t\t        <div class=\"ngg-gallery-thumbnail\">\n            <a href=\"https:\/\/www.jahorina-apartments.com\/wp-content\/gallery\/jahorina\/Jahorina2.JPG\"\n               title=\"\"\n               data-src=\"https:\/\/www.jahorina-apartments.com\/wp-content\/gallery\/jahorina\/Jahorina2.JPG\"\n               data-thumbnail=\"https:\/\/www.jahorina-apartments.com\/wp-content\/gallery\/jahorina\/thumbs\/thumbs_Jahorina2.JPG\"\n               data-image-id=\"2\"\n               data-title=\"Jahorina2\"\n               data-description=\"\"\n               data-image-slug=\"jahorina2\"\n               class=\"ngg-fancybox\" rel=\"78c7fc0b8b645e79470434822d96cd2e\">\n                <img\n                    title=\"Jahorina2\"\n                    alt=\"Jahorina2\"\n                    src=\"https:\/\/www.jahorina-apartments.com\/wp-content\/gallery\/jahorina\/thumbs\/thumbs_Jahorina2.JPG\"\n                    width=\"240\"\n                    height=\"160\"\n                    style=\"max-width:100%;\"\n                \/>\n            <\/a>\n        <\/div>\n\t\t\t\t\t\t\t<\/div> \n\t\t\t\n\t\t\t\t<div id=\"ngg-image-2\" class=\"ngg-gallery-thumbnail-box \" >\n\t\t\t\t        <div class=\"ngg-gallery-thumbnail\">\n            <a href=\"https:\/\/www.jahorina-apartments.com\/wp-content\/gallery\/jahorina\/Jahorina3.JPG\"\n               title=\"\"\n               data-src=\"https:\/\/www.jahorina-apartments.com\/wp-content\/gallery\/jahorina\/Jahorina3.JPG\"\n               data-thumbnail=\"https:\/\/www.jahorina-apartments.com\/wp-content\/gallery\/jahorina\/thumbs\/thumbs_Jahorina3.JPG\"\n               data-image-id=\"3\"\n               data-title=\"Jahorina3\"\n               data-description=\"\"\n               data-image-slug=\"jahorina3\"\n               class=\"ngg-fancybox\" rel=\"78c7fc0b8b645e79470434822d96cd2e\">\n                <img\n                    title=\"Jahorina3\"\n                    alt=\"Jahorina3\"\n                    src=\"https:\/\/www.jahorina-apartments.com\/wp-content\/gallery\/jahorina\/thumbs\/thumbs_Jahorina3.JPG\"\n                    width=\"240\"\n                    height=\"160\"\n                    style=\"max-width:100%;\"\n                \/>\n            <\/a>\n        <\/div>\n\t\t\t\t\t\t\t<\/div> \n\t\t\t\n\t\t\t\t<div id=\"ngg-image-3\" class=\"ngg-gallery-thumbnail-box \" >\n\t\t\t\t        <div class=\"ngg-gallery-thumbnail\">\n            <a href=\"https:\/\/www.jahorina-apartments.com\/wp-content\/gallery\/jahorina\/Jahorina4.JPG\"\n               title=\"\"\n               data-src=\"https:\/\/www.jahorina-apartments.com\/wp-content\/gallery\/jahorina\/Jahorina4.JPG\"\n               data-thumbnail=\"https:\/\/www.jahorina-apartments.com\/wp-content\/gallery\/jahorina\/thumbs\/thumbs_Jahorina4.JPG\"\n               data-image-id=\"4\"\n               data-title=\"Jahorina4\"\n               data-description=\"\"\n               data-image-slug=\"jahorina4\"\n               class=\"ngg-fancybox\" rel=\"78c7fc0b8b645e79470434822d96cd2e\">\n                <img\n                    title=\"Jahorina4\"\n                    alt=\"Jahorina4\"\n                    src=\"https:\/\/www.jahorina-apartments.com\/wp-content\/gallery\/jahorina\/thumbs\/thumbs_Jahorina4.JPG\"\n                    width=\"240\"\n                    height=\"160\"\n                    style=\"max-width:100%;\"\n                \/>\n            <\/a>\n        <\/div>\n\t\t\t\t\t\t\t<\/div> \n\t\t\t\n\t\t\t\t<div id=\"ngg-image-4\" class=\"ngg-gallery-thumbnail-box \" >\n\t\t\t\t        <div class=\"ngg-gallery-thumbnail\">\n            <a href=\"https:\/\/www.jahorina-apartments.com\/wp-content\/gallery\/jahorina\/Jahorina5.JPG\"\n               title=\"\"\n               data-src=\"https:\/\/www.jahorina-apartments.com\/wp-content\/gallery\/jahorina\/Jahorina5.JPG\"\n               data-thumbnail=\"https:\/\/www.jahorina-apartments.com\/wp-content\/gallery\/jahorina\/thumbs\/thumbs_Jahorina5.JPG\"\n               data-image-id=\"5\"\n               data-title=\"Jahorina5\"\n               data-description=\"\"\n               data-image-slug=\"jahorina5\"\n               class=\"ngg-fancybox\" rel=\"78c7fc0b8b645e79470434822d96cd2e\">\n                <img\n                    title=\"Jahorina5\"\n                    alt=\"Jahorina5\"\n                    src=\"https:\/\/www.jahorina-apartments.com\/wp-content\/gallery\/jahorina\/thumbs\/thumbs_Jahorina5.JPG\"\n                    width=\"240\"\n                    height=\"160\"\n                    style=\"max-width:100%;\"\n                \/>\n            <\/a>\n        <\/div>\n\t\t\t\t\t\t\t<\/div> \n\t\t\t\n\t\t\t\t<div id=\"ngg-image-5\" class=\"ngg-gallery-thumbnail-box \" >\n\t\t\t\t        <div class=\"ngg-gallery-thumbnail\">\n            <a href=\"https:\/\/www.jahorina-apartments.com\/wp-content\/gallery\/jahorina\/Jahorina6.JPG\"\n               title=\"\"\n               data-src=\"https:\/\/www.jahorina-apartments.com\/wp-content\/gallery\/jahorina\/Jahorina6.JPG\"\n               data-thumbnail=\"https:\/\/www.jahorina-apartments.com\/wp-content\/gallery\/jahorina\/thumbs\/thumbs_Jahorina6.JPG\"\n               data-image-id=\"6\"\n               data-title=\"Jahorina6\"\n               data-description=\"\"\n               data-image-slug=\"jahorina6\"\n               class=\"ngg-fancybox\" rel=\"78c7fc0b8b645e79470434822d96cd2e\">\n                <img\n                    title=\"Jahorina6\"\n                    alt=\"Jahorina6\"\n                    src=\"https:\/\/www.jahorina-apartments.com\/wp-content\/gallery\/jahorina\/thumbs\/thumbs_Jahorina6.JPG\"\n                    width=\"240\"\n                    height=\"160\"\n                    style=\"max-width:100%;\"\n                \/>\n            <\/a>\n        <\/div>\n\t\t\t\t\t\t\t<\/div> \n\t\t\t\n\t\t\t\t<div id=\"ngg-image-6\" class=\"ngg-gallery-thumbnail-box \" >\n\t\t\t\t        <div class=\"ngg-gallery-thumbnail\">\n            <a href=\"https:\/\/www.jahorina-apartments.com\/wp-content\/gallery\/jahorina\/Jahorina7.jpg\"\n               title=\"\"\n               data-src=\"https:\/\/www.jahorina-apartments.com\/wp-content\/gallery\/jahorina\/Jahorina7.jpg\"\n               data-thumbnail=\"https:\/\/www.jahorina-apartments.com\/wp-content\/gallery\/jahorina\/thumbs\/thumbs_Jahorina7.jpg\"\n               data-image-id=\"7\"\n               data-title=\"Jahorina7\"\n               data-description=\"\"\n               data-image-slug=\"jahorina7\"\n               class=\"ngg-fancybox\" rel=\"78c7fc0b8b645e79470434822d96cd2e\">\n                <img\n                    title=\"Jahorina7\"\n                    alt=\"Jahorina7\"\n                    src=\"https:\/\/www.jahorina-apartments.com\/wp-content\/gallery\/jahorina\/thumbs\/thumbs_Jahorina7.jpg\"\n                    width=\"240\"\n                    height=\"160\"\n                    style=\"max-width:100%;\"\n                \/>\n            <\/a>\n        <\/div>\n\t\t\t\t\t\t\t<\/div> \n\t\t\t\n\t\t\t\t<div id=\"ngg-image-7\" class=\"ngg-gallery-thumbnail-box \" >\n\t\t\t\t        <div class=\"ngg-gallery-thumbnail\">\n            <a href=\"https:\/\/www.jahorina-apartments.com\/wp-content\/gallery\/jahorina\/Jahorina8.jpg\"\n               title=\"\"\n               data-src=\"https:\/\/www.jahorina-apartments.com\/wp-content\/gallery\/jahorina\/Jahorina8.jpg\"\n               data-thumbnail=\"https:\/\/www.jahorina-apartments.com\/wp-content\/gallery\/jahorina\/thumbs\/thumbs_Jahorina8.jpg\"\n               data-image-id=\"8\"\n               data-title=\"Jahorina8\"\n               data-description=\"\"\n               data-image-slug=\"jahorina8\"\n               class=\"ngg-fancybox\" rel=\"78c7fc0b8b645e79470434822d96cd2e\">\n                <img\n                    title=\"Jahorina8\"\n                    alt=\"Jahorina8\"\n                    src=\"https:\/\/www.jahorina-apartments.com\/wp-content\/gallery\/jahorina\/thumbs\/thumbs_Jahorina8.jpg\"\n                    width=\"240\"\n                    height=\"160\"\n                    style=\"max-width:100%;\"\n                \/>\n            <\/a>\n        <\/div>\n\t\t\t\t\t\t\t<\/div> \n\t\t\t\n\t\n\t<br style=\"clear: both\" \/>\n\n\t\t<div class=\"slideshowlink\">\n        <a href='https:\/\/www.jahorina-apartments.com\/sr\/jahorina-olimpijska-ljepotica\/nggallery\/slideshow'>[Show slideshow]<\/a>\n\t\t\n\t<\/div>\n\t\n\t\t<!-- Pagination -->\n\t<div class='ngg-clear'><\/div>\t<\/div>\n<\/p>\n","protected":false},"excerpt":{"rendered":"<p>Idealni klimatski i &nbsp;geografski uslovi doprinijeli su da Jahorina 1984. godine ugosti najbolje zimske sportiste svijeta i uspje\u0161no organizuje ZOI. Tada je stekla epitet olimpijske ljepotice, ali i prije toga bila je miljenica svih ljubitelja zimskih sportova. Danas je Jahorina atraktivna turisti\u010dka destinacija, raj za sve zaljubljenike u zimu i njene \u010darolije, kao i mjesto [&hellip;]<\/p>\n","protected":false},"author":1,"featured_media":0,"parent":0,"menu_order":0,"comment_status":"closed","ping_status":"closed","template":"","meta":{"ngg_post_thumbnail":0,"footnotes":""},"aioseo_notices":[],"_links":{"self":[{"href":"https:\/\/www.jahorina-apartments.com\/sr\/wp-json\/wp\/v2\/pages\/443"}],"collection":[{"href":"https:\/\/www.jahorina-apartments.com\/sr\/wp-json\/wp\/v2\/pages"}],"about":[{"href":"https:\/\/www.jahorina-apartments.com\/sr\/wp-json\/wp\/v2\/types\/page"}],"author":[{"embeddable":true,"href":"https:\/\/www.jahorina-apartments.com\/sr\/wp-json\/wp\/v2\/users\/1"}],"replies":[{"embeddable":true,"href":"https:\/\/www.jahorina-apartments.com\/sr\/wp-json\/wp\/v2\/comments?post=443"}],"version-history":[{"count":5,"href":"https:\/\/www.jahorina-apartments.com\/sr\/wp-json\/wp\/v2\/pages\/443\/revisions"}],"predecessor-version":[{"id":551,"href":"https:\/\/www.jahorina-apartments.com\/sr\/wp-json\/wp\/v2\/pages\/443\/revisions\/551"}],"wp:attachment":[{"href":"https:\/\/www.jahorina-apartments.com\/sr\/wp-json\/wp\/v2\/media?parent=443"}],"curies":[{"name":"wp","href":"https:\/\/api.w.org\/{rel}","templated":true}]}}