{"id":458,"date":"2017-08-07T12:54:15","date_gmt":"2017-08-07T12:54:15","guid":{"rendered":"http:\/\/www.jahorina-apartments.com\/pale-sarajevo-2\/"},"modified":"2017-12-15T10:00:02","modified_gmt":"2017-12-15T10:00:02","slug":"pale-sarajevo","status":"publish","type":"page","link":"https:\/\/www.jahorina-apartments.com\/sr\/pale-sarajevo\/","title":{"rendered":"Pale &#038; Sarajevo"},"content":{"rendered":"<p>Pale su gradi\u0107 smje\u0161ten u podno\u017eju Jahorine, planine koja je veli\u010danstveno organizovala <strong>ZOI 1984<\/strong>. Povoljan strate\u0161ki i geografski polo\u017eaj, kao i blizina glavnog grada <strong>Sarajeva<\/strong>, omogu\u0107ava Palama da budu atraktivan turisti\u010dki centar, ali i idealan doma\u0107in svakom gostu. Topla atmosfera, prijatan ambijent i gostoljubivost stanovnika je ono \u0161to \u0107ete prvo primjetiti i \u0161to \u0107e Vam biti trajna uspomena iz ovog gradi\u0107a. Ne\u0161to vi\u0161e od 20 000 stanovnika i preko 4 000 studenata iz mnogih gradova \u0161irom BiH, Srbije i Crne Gore \u010dini Pale tako posebnim i neobi\u010dnim. Veliki broj sportskih i kulturnih manifestacija odr\u017eava se tokom cijele godine, tako da je idealno vrijeme da posjetite Pale, zapravo, uvijek. Tokom zime, Pale su udobno u\u0161u\u0161kane pod bijelim pokriva\u010dem \u0161to upotpunjava snje\u017enu idilu ovog planinskog gradi\u0107a. Odli\u010dnu alternativu Jahorini predstavlja novootvoreni ski centar &#8220;Ravna planina&#8220; koji je udaljen samo <strong>2 km<\/strong> od centra Pala i&nbsp; nudi <strong>7500 m<\/strong> ski staza. Uskoro se o\u010dekuje zavr\u0161etak izgradnje projekta \u201e<strong>Jahorina ekspres\u201c<\/strong>, odnosno kabinske gondole od Ravne planine prema Jahorini, koja \u0107e omogu\u0107iti ekspresan transport skija\u0161a iz Pala na Jahorinu.<\/p>\n<p>Mnogi ne propu\u0161taju priliku i da posjete Sarajevo, koje je udaljeno samo <strong>16 km<\/strong> od Pala i koje obiluje onim svojim, nadaleko \u010duvenim duhom. Sarajevo nudi sve \u0161to glavni grad i treba da ponudi, dobre restorane i odli\u010dnu hranu, vrhunske klubove i provod, kao i mjesta za opu\u0161tanje i odmor. Obavezna destinacija je svakako i stara dobra <strong>Ba\u0161\u010dar\u0161ija<\/strong> na kojoj jednostavno morate probati &nbsp;\u010duvene sarajevske \u0107evape. Za savr\u0161en kraj izleta predla\u017eemo da se po\u010dastite slasnom baklavom ili tufahijom uz \u0161oljicu neodoljive turske kafe.<\/p>\n<p>&nbsp;<\/p>\n<p style=\"text-align: center;\"><!-- default-view.php -->\n<div\n\tclass=\"ngg-galleryoverview default-view  ngg-ajax-pagination-none\"\n\tid=\"ngg-gallery-2c235402c5b87200ef986b9f4c6d2b41-1\">\n\n\t\t<!-- Thumbnails -->\n\t\t\t\t<div id=\"ngg-image-0\" class=\"ngg-gallery-thumbnail-box \" >\n\t\t\t\t        <div class=\"ngg-gallery-thumbnail\">\n            <a href=\"https:\/\/www.jahorina-apartments.com\/wp-content\/gallery\/pale-sarajevo\/Sarajevo-pale.jpg\"\n               title=\"\"\n               data-src=\"https:\/\/www.jahorina-apartments.com\/wp-content\/gallery\/pale-sarajevo\/Sarajevo-pale.jpg\"\n               data-thumbnail=\"https:\/\/www.jahorina-apartments.com\/wp-content\/gallery\/pale-sarajevo\/thumbs\/thumbs_Sarajevo-pale.jpg\"\n               data-image-id=\"15\"\n               data-title=\"Sarajevo-pale\"\n               data-description=\"\"\n               data-image-slug=\"sarajevo-pale\"\n               class=\"ngg-fancybox\" rel=\"2c235402c5b87200ef986b9f4c6d2b41\">\n                <img\n                    title=\"Sarajevo-pale\"\n                    alt=\"Sarajevo-pale\"\n                    src=\"https:\/\/www.jahorina-apartments.com\/wp-content\/gallery\/pale-sarajevo\/thumbs\/thumbs_Sarajevo-pale.jpg\"\n                    width=\"200\"\n                    height=\"160\"\n                    style=\"max-width:100%;\"\n                \/>\n            <\/a>\n        <\/div>\n\t\t\t\t\t\t\t<\/div> \n\t\t\t\n\t\t\t\t<div id=\"ngg-image-1\" class=\"ngg-gallery-thumbnail-box \" >\n\t\t\t\t        <div class=\"ngg-gallery-thumbnail\">\n            <a href=\"https:\/\/www.jahorina-apartments.com\/wp-content\/gallery\/pale-sarajevo\/sarajevo-pale1.jpg\"\n               title=\"\"\n               data-src=\"https:\/\/www.jahorina-apartments.com\/wp-content\/gallery\/pale-sarajevo\/sarajevo-pale1.jpg\"\n               data-thumbnail=\"https:\/\/www.jahorina-apartments.com\/wp-content\/gallery\/pale-sarajevo\/thumbs\/thumbs_sarajevo-pale1.jpg\"\n               data-image-id=\"16\"\n               data-title=\"sarajevo-pale1\"\n               data-description=\"\"\n               data-image-slug=\"sarajevo-pale1\"\n               class=\"ngg-fancybox\" rel=\"2c235402c5b87200ef986b9f4c6d2b41\">\n                <img\n                    title=\"sarajevo-pale1\"\n                    alt=\"sarajevo-pale1\"\n                    src=\"https:\/\/www.jahorina-apartments.com\/wp-content\/gallery\/pale-sarajevo\/thumbs\/thumbs_sarajevo-pale1.jpg\"\n                    width=\"200\"\n                    height=\"160\"\n                    style=\"max-width:100%;\"\n                \/>\n            <\/a>\n        <\/div>\n\t\t\t\t\t\t\t<\/div> \n\t\t\t\n\t\t\t\t<div id=\"ngg-image-2\" class=\"ngg-gallery-thumbnail-box \" >\n\t\t\t\t        <div class=\"ngg-gallery-thumbnail\">\n            <a href=\"https:\/\/www.jahorina-apartments.com\/wp-content\/gallery\/pale-sarajevo\/sarajevo-pale2.jpg\"\n               title=\"\"\n               data-src=\"https:\/\/www.jahorina-apartments.com\/wp-content\/gallery\/pale-sarajevo\/sarajevo-pale2.jpg\"\n               data-thumbnail=\"https:\/\/www.jahorina-apartments.com\/wp-content\/gallery\/pale-sarajevo\/thumbs\/thumbs_sarajevo-pale2.jpg\"\n               data-image-id=\"17\"\n               data-title=\"sarajevo-pale2\"\n               data-description=\"\"\n               data-image-slug=\"sarajevo-pale2\"\n               class=\"ngg-fancybox\" rel=\"2c235402c5b87200ef986b9f4c6d2b41\">\n                <img\n                    title=\"sarajevo-pale2\"\n                    alt=\"sarajevo-pale2\"\n                    src=\"https:\/\/www.jahorina-apartments.com\/wp-content\/gallery\/pale-sarajevo\/thumbs\/thumbs_sarajevo-pale2.jpg\"\n                    width=\"200\"\n                    height=\"160\"\n                    style=\"max-width:100%;\"\n                \/>\n            <\/a>\n        <\/div>\n\t\t\t\t\t\t\t<\/div> \n\t\t\t\n\t\t\t\t<div id=\"ngg-image-3\" class=\"ngg-gallery-thumbnail-box \" >\n\t\t\t\t        <div class=\"ngg-gallery-thumbnail\">\n            <a href=\"https:\/\/www.jahorina-apartments.com\/wp-content\/gallery\/pale-sarajevo\/sarajevo-pale3.jpg\"\n               title=\"\"\n               data-src=\"https:\/\/www.jahorina-apartments.com\/wp-content\/gallery\/pale-sarajevo\/sarajevo-pale3.jpg\"\n               data-thumbnail=\"https:\/\/www.jahorina-apartments.com\/wp-content\/gallery\/pale-sarajevo\/thumbs\/thumbs_sarajevo-pale3.jpg\"\n               data-image-id=\"18\"\n               data-title=\"sarajevo-pale3\"\n               data-description=\"\"\n               data-image-slug=\"sarajevo-pale3\"\n               class=\"ngg-fancybox\" rel=\"2c235402c5b87200ef986b9f4c6d2b41\">\n                <img\n                    title=\"sarajevo-pale3\"\n                    alt=\"sarajevo-pale3\"\n                    src=\"https:\/\/www.jahorina-apartments.com\/wp-content\/gallery\/pale-sarajevo\/thumbs\/thumbs_sarajevo-pale3.jpg\"\n                    width=\"200\"\n                    height=\"160\"\n                    style=\"max-width:100%;\"\n                \/>\n            <\/a>\n        <\/div>\n\t\t\t\t\t\t\t<\/div> \n\t\t\t\n\t\t\t\t<div id=\"ngg-image-4\" class=\"ngg-gallery-thumbnail-box \" >\n\t\t\t\t        <div class=\"ngg-gallery-thumbnail\">\n            <a href=\"https:\/\/www.jahorina-apartments.com\/wp-content\/gallery\/pale-sarajevo\/sarajevo-pale4.jpg\"\n               title=\"\"\n               data-src=\"https:\/\/www.jahorina-apartments.com\/wp-content\/gallery\/pale-sarajevo\/sarajevo-pale4.jpg\"\n               data-thumbnail=\"https:\/\/www.jahorina-apartments.com\/wp-content\/gallery\/pale-sarajevo\/thumbs\/thumbs_sarajevo-pale4.jpg\"\n               data-image-id=\"19\"\n               data-title=\"sarajevo-pale4\"\n               data-description=\"\"\n               data-image-slug=\"sarajevo-pale4\"\n               class=\"ngg-fancybox\" rel=\"2c235402c5b87200ef986b9f4c6d2b41\">\n                <img\n                    title=\"sarajevo-pale4\"\n                    alt=\"sarajevo-pale4\"\n                    src=\"https:\/\/www.jahorina-apartments.com\/wp-content\/gallery\/pale-sarajevo\/thumbs\/thumbs_sarajevo-pale4.jpg\"\n                    width=\"200\"\n                    height=\"160\"\n                    style=\"max-width:100%;\"\n                \/>\n            <\/a>\n        <\/div>\n\t\t\t\t\t\t\t<\/div> \n\t\t\t\n\t\n\t<br style=\"clear: both\" \/>\n\n\t\t<div class=\"slideshowlink\">\n        <a href='https:\/\/www.jahorina-apartments.com\/sr\/pale-sarajevo\/nggallery\/slideshow'>[Show slideshow]<\/a>\n\t\t\n\t<\/div>\n\t\n\t\t<!-- Pagination -->\n\t<div class='ngg-clear'><\/div>\t<\/div>\n<\/p>\n","protected":false},"excerpt":{"rendered":"<p>Pale su gradi\u0107 smje\u0161ten u podno\u017eju Jahorine, planine koja je veli\u010danstveno organizovala ZOI 1984. Povoljan strate\u0161ki i geografski polo\u017eaj, kao i blizina glavnog grada Sarajeva, omogu\u0107ava Palama da budu atraktivan turisti\u010dki centar, ali i idealan doma\u0107in svakom gostu. Topla atmosfera, prijatan ambijent i gostoljubivost stanovnika je ono \u0161to \u0107ete prvo primjetiti i \u0161to \u0107e Vam [&hellip;]<\/p>\n","protected":false},"author":1,"featured_media":0,"parent":0,"menu_order":0,"comment_status":"closed","ping_status":"closed","template":"","meta":{"ngg_post_thumbnail":0,"footnotes":""},"aioseo_notices":[],"_links":{"self":[{"href":"https:\/\/www.jahorina-apartments.com\/sr\/wp-json\/wp\/v2\/pages\/458"}],"collection":[{"href":"https:\/\/www.jahorina-apartments.com\/sr\/wp-json\/wp\/v2\/pages"}],"about":[{"href":"https:\/\/www.jahorina-apartments.com\/sr\/wp-json\/wp\/v2\/types\/page"}],"author":[{"embeddable":true,"href":"https:\/\/www.jahorina-apartments.com\/sr\/wp-json\/wp\/v2\/users\/1"}],"replies":[{"embeddable":true,"href":"https:\/\/www.jahorina-apartments.com\/sr\/wp-json\/wp\/v2\/comments?post=458"}],"version-history":[{"count":4,"href":"https:\/\/www.jahorina-apartments.com\/sr\/wp-json\/wp\/v2\/pages\/458\/revisions"}],"predecessor-version":[{"id":554,"href":"https:\/\/www.jahorina-apartments.com\/sr\/wp-json\/wp\/v2\/pages\/458\/revisions\/554"}],"wp:attachment":[{"href":"https:\/\/www.jahorina-apartments.com\/sr\/wp-json\/wp\/v2\/media?parent=458"}],"curies":[{"name":"wp","href":"https:\/\/api.w.org\/{rel}","templated":true}]}}