{"id":91,"date":"2017-11-23T14:16:31","date_gmt":"2017-11-23T14:16:31","guid":{"rendered":"http:\/\/www.jahorina-apartments.com\/?page_id=91\/"},"modified":"2018-02-18T14:29:19","modified_gmt":"2018-02-18T14:29:19","slug":"o-nama","status":"publish","type":"page","link":"https:\/\/www.jahorina-apartments.com\/sr\/o-nama\/","title":{"rendered":"O nama"},"content":{"rendered":"<p>Apartman Radojkovi\u0107 se nalazi u podno\u017eju olimpijske planine Jahorine, u planinskom gradi\u0107u Pale. Na udaljenosti <strong>16 km<\/strong> od glavnog grada <strong>Sarajeva<\/strong>, te <strong>13 km<\/strong> od moderno opremljenih skijali\u0161ta, nudi idealnu kombinaciju zimskog odmora sa autenti\u010dnim i neponovljivim duhom Sarajeva. Apartman se nalazi u sklopu porodi\u010dne ku\u0107e u neposrednoj blizini centra grada, sportsko-poslovnog centra \u201cPeki\u201d, gradske tr\u017einice te kulturnog centra. Pru\u017ei\u0107e vam sve \u0161to o\u010dekujete od zimske bajke, uklju\u010duju\u0107i moderno opremljene sobe, ve\u010dernje opu\u0161tanje uz djakuzi i nargile, te laganu masa\u017eu. Apartman je u vlasni\u0161tvu porodice Radojkovi\u0107, a uvijek nasmijana gazdarica Marjana \u0107e vas srda\u010dno do\u010dekati uz doma\u0107u vi\u0161njeva\u010du.<\/p>\n<p>Apartman Radojkovi\u0107 je idealan za smje\u0161taj 6-8 osoba, a nudi sljede\u0107e:<\/p>\n<p><strong>3 moderno opremljene sobe:<\/strong><br \/>\n&#8211; crvena soba (bra\u010dni krevet)<br \/>\n&#8211; \u017euta soba (bra\u010dni krevet)<br \/>\n&#8211; plava soba (dva odvojena kreveta)<\/p>\n<p><strong>Moderno opremljen dnevni boravak:<\/strong><br \/>\n&#8211; velika garnitura za sjedenje (mogu\u0107nost razvla\u010denja)<br \/>\n&#8211; LED TV<br \/>\n&#8211; \u201cnargila kutak\u201d<br \/>\n&#8211; \u201cbarski ugao\u201d<br \/>\n-prostor za rekreaciju sa masa\u017enom stolicom<\/p>\n<p><strong>Trpezariju<\/strong><\/p>\n<p><strong>Kuhinju<\/strong> (fri\u017eider, \u0161poret sa rernom, mikrotalasna, elektri\u010dni bokal, toster)<\/p>\n<p><strong>Kupatilo<\/strong> (\u0111akuzi)<\/p>\n<p>*U cijelom objektu vam je na raspolaganju <strong>Wi-Fi<\/strong>.<\/p>\n<p>Cijena smje\u0161taja za cijeli apartman je <strong>70 EUR<\/strong>\/dan za <strong>6<\/strong> osoba, te <strong>90 EUR<\/strong>\/dan za <strong>8<\/strong> osoba. Mogu\u0107a je i rezervacija pojedina\u010dnih soba.<\/p>\n<p>Za vi\u0161e informacija obratite nam se putem e-maila: <strong>info@jahorina-apartments.com<\/strong> ili telefona <strong>0038765601920<\/strong> (Viber ili WhatsApp).<\/p>\n","protected":false},"excerpt":{"rendered":"<p>Apartman Radojkovi\u0107 se nalazi u podno\u017eju olimpijske planine Jahorine, u planinskom gradi\u0107u Pale. Na udaljenosti 16 km od glavnog grada Sarajeva, te 13 km od moderno opremljenih skijali\u0161ta, nudi idealnu kombinaciju zimskog odmora sa autenti\u010dnim i neponovljivim duhom Sarajeva. Apartman se nalazi u sklopu porodi\u010dne ku\u0107e u neposrednoj blizini centra grada, sportsko-poslovnog centra \u201cPeki\u201d, gradske [&hellip;]<\/p>\n","protected":false},"author":2,"featured_media":0,"parent":0,"menu_order":0,"comment_status":"closed","ping_status":"closed","template":"","meta":{"ngg_post_thumbnail":0,"footnotes":""},"aioseo_notices":[],"_links":{"self":[{"href":"https:\/\/www.jahorina-apartments.com\/sr\/wp-json\/wp\/v2\/pages\/91"}],"collection":[{"href":"https:\/\/www.jahorina-apartments.com\/sr\/wp-json\/wp\/v2\/pages"}],"about":[{"href":"https:\/\/www.jahorina-apartments.com\/sr\/wp-json\/wp\/v2\/types\/page"}],"author":[{"embeddable":true,"href":"https:\/\/www.jahorina-apartments.com\/sr\/wp-json\/wp\/v2\/users\/2"}],"replies":[{"embeddable":true,"href":"https:\/\/www.jahorina-apartments.com\/sr\/wp-json\/wp\/v2\/comments?post=91"}],"version-history":[{"count":9,"href":"https:\/\/www.jahorina-apartments.com\/sr\/wp-json\/wp\/v2\/pages\/91\/revisions"}],"predecessor-version":[{"id":609,"href":"https:\/\/www.jahorina-apartments.com\/sr\/wp-json\/wp\/v2\/pages\/91\/revisions\/609"}],"wp:attachment":[{"href":"https:\/\/www.jahorina-apartments.com\/sr\/wp-json\/wp\/v2\/media?parent=91"}],"curies":[{"name":"wp","href":"https:\/\/api.w.org\/{rel}","templated":true}]}}